{"id":21032,"date":"2025-07-03T15:45:26","date_gmt":"2025-07-03T13:45:26","guid":{"rendered":"https:\/\/thefastgrip.com\/?page_id=21032"},"modified":"2025-10-28T14:38:26","modified_gmt":"2025-10-28T13:38:26","slug":"draisienne","status":"publish","type":"page","link":"https:\/\/thefastgrip.com\/index.php\/draisienne\/","title":{"rendered":"DRAISIENNE"},"content":{"rendered":"\n[et_pb_section fb_built=\u00a0\u00bb1&Prime; _builder_version=\u00a0\u00bb4.24.0&Prime; _module_preset=\u00a0\u00bbdefault\u00a0\u00bb background_image=\u00a0\u00bbhttps:\/\/thefastgrip.com\/wp-content\/uploads\/2023\/12\/fond-texture_Plan-de-travail-1.png\u00a0\u00bb custom_margin=\u00a0\u00bb0px||0px||false|false\u00a0\u00bb custom_padding=\u00a0\u00bb0px||0px||false|false\u00a0\u00bb global_colors_info=\u00a0\u00bb{}\u00a0\u00bb][et_pb_row admin_label=\u00a0\u00bbENDURO\u00a0\u00bb _builder_version=\u00a0\u00bb4.23.4&Prime; _module_preset=\u00a0\u00bbdefault\u00a0\u00bb width=\u00a0\u00bb100%\u00a0\u00bb global_colors_info=\u00a0\u00bb{}\u00a0\u00bb][et_pb_column type=\u00a0\u00bb4_4&Prime; _builder_version=\u00a0\u00bb4.23.4&Prime; _module_preset=\u00a0\u00bbdefault\u00a0\u00bb global_colors_info=\u00a0\u00bb{}\u00a0\u00bb][et_pb_text admin_label=\u00a0\u00bbENDURO\u00a0\u00bb _builder_version=\u00a0\u00bb4.27.4&Prime; _module_preset=\u00a0\u00bbdefault\u00a0\u00bb header_font=\u00a0\u00bbKanit||||||||\u00a0\u00bb header_text_color=\u00a0\u00bb#FFFFFF\u00a0\u00bb header_font_size=\u00a0\u00bb80px\u00a0\u00bb custom_padding=\u00a0\u00bb40px||75px||false|false\u00a0\u00bb header_font_size_tablet=\u00a0\u00bb60px\u00a0\u00bb header_font_size_phone=\u00a0\u00bb55px\u00a0\u00bb header_font_size_last_edited=\u00a0\u00bbon|phone\u00a0\u00bb header_text_shadow_style=\u00a0\u00bbpreset2&Prime; global_colors_info=\u00a0\u00bb{}\u00a0\u00bb header_text_color__hover_enabled=\u00a0\u00bboff|desktop\u00a0\u00bb header_text_color__hover=\u00a0\u00bb#8300E9&Prime;]<h1 style=\"text-align: center;\">DRAISIENNE<\/h1>[\/et_pb_text][\/et_pb_column][\/et_pb_row][et_pb_row custom_padding_last_edited=\u00a0\u00bbon|phone\u00a0\u00bb admin_label=\u00a0\u00bbKTM\u00a0\u00bb _builder_version=\u00a0\u00bb4.27.4&Prime; _module_preset=\u00a0\u00bbdefault\u00a0\u00bb z_index=\u00a0\u00bb100&Prime; width=\u00a0\u00bb90%\u00a0\u00bb max_width=\u00a0\u00bb100%\u00a0\u00bb custom_margin=\u00a0\u00bb|auto|180px|auto|false|false\u00a0\u00bb custom_margin_tablet=\u00a0\u00bb||300px||false|false\u00a0\u00bb custom_margin_phone=\u00a0\u00bb||350px||false|false\u00a0\u00bb custom_margin_last_edited=\u00a0\u00bbon|tablet\u00a0\u00bb custom_padding=\u00a0\u00bb||||false|false\u00a0\u00bb custom_padding_tablet=\u00a0\u00bb||||false|false\u00a0\u00bb custom_padding_phone=\u00a0\u00bb0px||||false|false\u00a0\u00bb module_alignment_tablet=\u00a0\u00bbcenter\u00a0\u00bb module_alignment_phone=\u00a0\u00bbcenter\u00a0\u00bb module_alignment_last_edited=\u00a0\u00bbon|tablet\u00a0\u00bb global_colors_info=\u00a0\u00bb{}\u00a0\u00bb][et_pb_column type=\u00a0\u00bb4_4&Prime; _builder_version=\u00a0\u00bb4.23.4&Prime; _module_preset=\u00a0\u00bbdefault\u00a0\u00bb global_colors_info=\u00a0\u00bb{}\u00a0\u00bb][et_pb_text admin_label=\u00a0\u00bbKTM\u00a0\u00bb module_class=\u00a0\u00bbnotranslate\u00a0\u00bb _builder_version=\u00a0\u00bb4.27.4&Prime; _module_preset=\u00a0\u00bbdefault\u00a0\u00bb header_2_font=\u00a0\u00bbKanit|600|||||||\u00a0\u00bb header_2_text_color=\u00a0\u00bb#FFFFFF\u00a0\u00bb header_2_font_size=\u00a0\u00bb40px\u00a0\u00bb background_image=\u00a0\u00bbhttps:\/\/thefastgrip.com\/wp-content\/uploads\/2024\/01\/ktm-fast-grip-et-acessoire-enduro-01.png\u00a0\u00bb positioning=\u00a0\u00bbabsolute\u00a0\u00bb position_origin_a=\u00a0\u00bbbottom_center\u00a0\u00bb position_origin_a_tablet=\u00a0\u00bbbottom_center\u00a0\u00bb position_origin_a_phone=\u00a0\u00bbbottom_center\u00a0\u00bb position_origin_a_last_edited=\u00a0\u00bbon|phone\u00a0\u00bb position_origin_f_tablet=\u00a0\u00bb\u00a0\u00bb position_origin_f_phone=\u00a0\u00bb\u00a0\u00bb position_origin_f_last_edited=\u00a0\u00bbon|phone\u00a0\u00bb position_origin_r_tablet=\u00a0\u00bb\u00a0\u00bb position_origin_r_phone=\u00a0\u00bb\u00a0\u00bb position_origin_r_last_edited=\u00a0\u00bbon|phone\u00a0\u00bb width=\u00a0\u00bb100%\u00a0\u00bb width_tablet=\u00a0\u00bb100%\u00a0\u00bb width_phone=\u00a0\u00bb100%\u00a0\u00bb width_last_edited=\u00a0\u00bbon|phone\u00a0\u00bb max_width_tablet=\u00a0\u00bb100%\u00a0\u00bb max_width_phone=\u00a0\u00bb100%\u00a0\u00bb max_width_last_edited=\u00a0\u00bbon|tablet\u00a0\u00bb custom_margin=\u00a0\u00bb0px||20px||false|false\u00a0\u00bb custom_padding=\u00a0\u00bb15px||5px|30px|false|false\u00a0\u00bb custom_padding_tablet=\u00a0\u00bb15px||5px|30px|false|false\u00a0\u00bb custom_padding_phone=\u00a0\u00bb10px||0px|10px|false|false\u00a0\u00bb custom_padding_last_edited=\u00a0\u00bbon|phone\u00a0\u00bb header_2_font_size_tablet=\u00a0\u00bb40px\u00a0\u00bb header_2_font_size_phone=\u00a0\u00bb40px\u00a0\u00bb header_2_font_size_last_edited=\u00a0\u00bbon|phone\u00a0\u00bb positioning_tablet=\u00a0\u00bbabsolute\u00a0\u00bb positioning_phone=\u00a0\u00bbabsolute\u00a0\u00bb positioning_last_edited=\u00a0\u00bbon|phone\u00a0\u00bb custom_css_free_form=\u00a0\u00bb.et-menu li li a {||    padding: 6px 20px;||    width: 400px;||}\u00a0\u00bb header_2_text_shadow_style=\u00a0\u00bbpreset5&Prime; header_2_text_shadow_color=\u00a0\u00bb#000000&Prime; border_radii=\u00a0\u00bbon|9px|9px|9px|9px\u00a0\u00bb global_colors_info=\u00a0\u00bb{}\u00a0\u00bb]<h2><span style=\"color: #ff6100;\">SEDNA<\/span><\/h2>[\/et_pb_text][et_pb_text admin_label=\u00a0\u00bbKTM\u00a0\u00bb module_class=\u00a0\u00bbnotranslate\u00a0\u00bb _builder_version=\u00a0\u00bb4.27.4&Prime; _module_preset=\u00a0\u00bbdefault\u00a0\u00bb header_2_font=\u00a0\u00bbKanit|600|||||||\u00a0\u00bb header_2_text_color=\u00a0\u00bb#FFFFFF\u00a0\u00bb header_2_font_size=\u00a0\u00bb40px\u00a0\u00bb background_image=\u00a0\u00bbhttps:\/\/thefastgrip.com\/wp-content\/uploads\/2025\/07\/draisienne-sedna-01-scaled.png\u00a0\u00bb positioning=\u00a0\u00bbabsolute\u00a0\u00bb position_origin_a=\u00a0\u00bbbottom_center\u00a0\u00bb position_origin_a_tablet=\u00a0\u00bbbottom_center\u00a0\u00bb position_origin_a_phone=\u00a0\u00bbbottom_center\u00a0\u00bb position_origin_a_last_edited=\u00a0\u00bbon|phone\u00a0\u00bb position_origin_f_tablet=\u00a0\u00bb\u00a0\u00bb position_origin_f_phone=\u00a0\u00bb\u00a0\u00bb position_origin_f_last_edited=\u00a0\u00bbon|phone\u00a0\u00bb position_origin_r_tablet=\u00a0\u00bb\u00a0\u00bb position_origin_r_phone=\u00a0\u00bb\u00a0\u00bb position_origin_r_last_edited=\u00a0\u00bbon|phone\u00a0\u00bb width=\u00a0\u00bb100%\u00a0\u00bb width_tablet=\u00a0\u00bb100%\u00a0\u00bb width_phone=\u00a0\u00bb100%\u00a0\u00bb width_last_edited=\u00a0\u00bbon|phone\u00a0\u00bb max_width_tablet=\u00a0\u00bb100%\u00a0\u00bb max_width_phone=\u00a0\u00bb100%\u00a0\u00bb max_width_last_edited=\u00a0\u00bbon|tablet\u00a0\u00bb custom_margin=\u00a0\u00bb0px||20px||false|false\u00a0\u00bb custom_padding=\u00a0\u00bb15px||5px|30px|false|false\u00a0\u00bb custom_padding_tablet=\u00a0\u00bb15px||5px|30px|false|false\u00a0\u00bb custom_padding_phone=\u00a0\u00bb10px||0px|10px|false|false\u00a0\u00bb custom_padding_last_edited=\u00a0\u00bbon|phone\u00a0\u00bb header_2_font_size_tablet=\u00a0\u00bb40px\u00a0\u00bb header_2_font_size_phone=\u00a0\u00bb40px\u00a0\u00bb header_2_font_size_last_edited=\u00a0\u00bbon|phone\u00a0\u00bb positioning_tablet=\u00a0\u00bbabsolute\u00a0\u00bb positioning_phone=\u00a0\u00bbabsolute\u00a0\u00bb positioning_last_edited=\u00a0\u00bbon|phone\u00a0\u00bb custom_css_free_form=\u00a0\u00bb.et-menu li li a {||    padding: 6px 20px;||    width: 400px;||}\u00a0\u00bb header_2_text_shadow_style=\u00a0\u00bbpreset5&Prime; header_2_text_shadow_color=\u00a0\u00bb#000000&Prime; border_radii=\u00a0\u00bbon|9px|9px|9px|9px\u00a0\u00bb global_colors_info=\u00a0\u00bb{}\u00a0\u00bb]<h2><span style=\"color: #33cccc;\">SEDNA<\/span><\/h2>[\/et_pb_text][et_pb_menu menu_id=\u00a0\u00bb420&Prime; menu_style=\u00a0\u00bbcentered\u00a0\u00bb active_link_color=\u00a0\u00bb#8300E9&Prime; dropdown_menu_bg_color=\u00a0\u00bb#262626&Prime; dropdown_menu_line_color=\u00a0\u00bbRGBA(255,255,255,0)\u00a0\u00bb dropdown_menu_text_color=\u00a0\u00bb#FFFFFF\u00a0\u00bb logo_max_width_tablet=\u00a0\u00bb\u00a0\u00bb logo_max_width_phone=\u00a0\u00bb\u00a0\u00bb logo_max_width_last_edited=\u00a0\u00bbon|tablet\u00a0\u00bb admin_label=\u00a0\u00bbMenu KTM\u00a0\u00bb module_id=\u00a0\u00bbmenu_modele\u00a0\u00bb _builder_version=\u00a0\u00bb4.27.4&Prime; _module_preset=\u00a0\u00bbdefault\u00a0\u00bb menu_font=\u00a0\u00bbKanit|600|||||||\u00a0\u00bb menu_text_color=\u00a0\u00bb#FFFFFF\u00a0\u00bb menu_font_size=\u00a0\u00bb25px\u00a0\u00bb menu_line_height=\u00a0\u00bb1.4em\u00a0\u00bb background_enable_color=\u00a0\u00bboff\u00a0\u00bb positioning=\u00a0\u00bbabsolute\u00a0\u00bb position_origin_a=\u00a0\u00bbbottom_center\u00a0\u00bb position_origin_f=\u00a0\u00bbbottom_center\u00a0\u00bb vertical_offset=\u00a0\u00bb0px\u00a0\u00bb z_index=\u00a0\u00bb99999&Prime; vertical_offset_tablet=\u00a0\u00bb\u00a0\u00bb vertical_offset_phone=\u00a0\u00bb0px\u00a0\u00bb vertical_offset_last_edited=\u00a0\u00bbon|tablet\u00a0\u00bb position_origin_a_tablet=\u00a0\u00bbtop_center\u00a0\u00bb position_origin_a_phone=\u00a0\u00bbtop_left\u00a0\u00bb position_origin_a_last_edited=\u00a0\u00bbon|phone\u00a0\u00bb position_origin_f_tablet=\u00a0\u00bbbottom_center\u00a0\u00bb position_origin_f_phone=\u00a0\u00bbbottom_center\u00a0\u00bb position_origin_f_last_edited=\u00a0\u00bbon|phone\u00a0\u00bb position_origin_r_tablet=\u00a0\u00bb\u00a0\u00bb position_origin_r_phone=\u00a0\u00bb\u00a0\u00bb position_origin_r_last_edited=\u00a0\u00bbon|phone\u00a0\u00bb width=\u00a0\u00bb100%\u00a0\u00bb max_width=\u00a0\u00bb60%\u00a0\u00bb max_width_tablet=\u00a0\u00bb60%\u00a0\u00bb max_width_phone=\u00a0\u00bb100%\u00a0\u00bb max_width_last_edited=\u00a0\u00bbon|tablet\u00a0\u00bb custom_margin_tablet=\u00a0\u00bb\u00a0\u00bb custom_margin_phone=\u00a0\u00bb\u00a0\u00bb custom_margin_last_edited=\u00a0\u00bbon|tablet\u00a0\u00bb custom_padding=\u00a0\u00bb||||false|false\u00a0\u00bb custom_padding_tablet=\u00a0\u00bb||||false|false\u00a0\u00bb custom_padding_phone=\u00a0\u00bb||||false|false\u00a0\u00bb custom_padding_last_edited=\u00a0\u00bbon|phone\u00a0\u00bb menu_font_size_tablet=\u00a0\u00bb25px\u00a0\u00bb menu_font_size_phone=\u00a0\u00bb25px\u00a0\u00bb menu_font_size_last_edited=\u00a0\u00bbon|phone\u00a0\u00bb menu_line_height_tablet=\u00a0\u00bb\u00a0\u00bb menu_line_height_phone=\u00a0\u00bb1.3em\u00a0\u00bb menu_line_height_last_edited=\u00a0\u00bbon|phone\u00a0\u00bb positioning_tablet=\u00a0\u00bbabsolute\u00a0\u00bb positioning_phone=\u00a0\u00bbabsolute\u00a0\u00bb positioning_last_edited=\u00a0\u00bbon|phone\u00a0\u00bb custom_css_main_element=\u00a0\u00bbtop: 10px;\u00a0\u00bb custom_css_dropdown_container=\u00a0\u00bbbox-shadow:none;||width: auto;||z-index:99999!important;||padding: 10px!important;||border-radius: 0px 0px 20px 20px;\u00a0\u00bb custom_css_dropdown_links=\u00a0\u00bbtext-align:center;\u00a0\u00bb global_colors_info=\u00a0\u00bb{}\u00a0\u00bb menu_text_color__hover_enabled=\u00a0\u00bbon|hover\u00a0\u00bb menu_text_color__hover=\u00a0\u00bb#f49600&Prime; custom_css_dropdown_container_last_edited=\u00a0\u00bbon|desktop\u00a0\u00bb custom_css_main_element_last_edited=\u00a0\u00bbon|tablet\u00a0\u00bb custom_css_main_element_phone=\u00a0\u00bbwidth:55%;||left: 20px;\u00a0\u00bb custom_css_dropdown_links_last_edited=\u00a0\u00bbon|phone\u00a0\u00bb custom_css_dropdown_links_phone=\u00a0\u00bbpadding-left:0!important;||text-align:left;\u00a0\u00bb custom_css_dropdown_container_phone=\u00a0\u00bb||width:auto;\u00a0\u00bb custom_css_dropdown_container_tablet=\u00a0\u00bbbox-shadow:none;||width: auto;||z-index:99999!important;\u00a0\u00bb custom_css_dropdown_links_tablet=\u00a0\u00bbtext-align:center;\u00a0\u00bb custom_css_main_element_tablet=\u00a0\u00bbtop: 10px;\u00a0\u00bb][\/et_pb_menu][\/et_pb_column][\/et_pb_row][et_pb_row custom_padding_last_edited=\u00a0\u00bbon|tablet\u00a0\u00bb admin_label=\u00a0\u00bbTM RACING\u00a0\u00bb _builder_version=\u00a0\u00bb4.27.4&Prime; _module_preset=\u00a0\u00bbdefault\u00a0\u00bb z_index=\u00a0\u00bb93&Prime; width=\u00a0\u00bb90%\u00a0\u00bb max_width=\u00a0\u00bb100%\u00a0\u00bb custom_margin=\u00a0\u00bb|auto||auto|false|false\u00a0\u00bb custom_margin_tablet=\u00a0\u00bb||||false|false\u00a0\u00bb custom_margin_phone=\u00a0\u00bb||||false|false\u00a0\u00bb custom_margin_last_edited=\u00a0\u00bbon|tablet\u00a0\u00bb custom_padding=\u00a0\u00bb||400px||false|false\u00a0\u00bb custom_padding_tablet=\u00a0\u00bb||||false|false\u00a0\u00bb custom_padding_phone=\u00a0\u00bb||400px||false|false\u00a0\u00bb global_colors_info=\u00a0\u00bb{}\u00a0\u00bb][et_pb_column type=\u00a0\u00bb4_4&Prime; _builder_version=\u00a0\u00bb4.23.4&Prime; _module_preset=\u00a0\u00bbdefault\u00a0\u00bb global_colors_info=\u00a0\u00bb{}\u00a0\u00bb][et_pb_text admin_label=\u00a0\u00bbTM RACING\u00a0\u00bb module_class=\u00a0\u00bbnotranslate\u00a0\u00bb _builder_version=\u00a0\u00bb4.27.4&Prime; _module_preset=\u00a0\u00bbdefault\u00a0\u00bb header_2_font=\u00a0\u00bbKanit|600|||||||\u00a0\u00bb header_2_text_color=\u00a0\u00bb#FFFFFF\u00a0\u00bb header_2_font_size=\u00a0\u00bb40px\u00a0\u00bb background_image=\u00a0\u00bbhttps:\/\/thefastgrip.com\/wp-content\/uploads\/2025\/07\/draisienne-stacyc-01-scaled.png\u00a0\u00bb positioning=\u00a0\u00bbabsolute\u00a0\u00bb position_origin_a=\u00a0\u00bbbottom_center\u00a0\u00bb width=\u00a0\u00bb100%\u00a0\u00bb width_tablet=\u00a0\u00bb100%\u00a0\u00bb width_phone=\u00a0\u00bb100%\u00a0\u00bb width_last_edited=\u00a0\u00bbon|tablet\u00a0\u00bb max_width_tablet=\u00a0\u00bb100%\u00a0\u00bb max_width_phone=\u00a0\u00bb100%\u00a0\u00bb max_width_last_edited=\u00a0\u00bbon|tablet\u00a0\u00bb custom_margin=\u00a0\u00bb0px||20px||false|false\u00a0\u00bb custom_padding=\u00a0\u00bb15px||5px|30px|false|false\u00a0\u00bb custom_padding_tablet=\u00a0\u00bb15px||5px|30px|false|false\u00a0\u00bb custom_padding_phone=\u00a0\u00bb10px||0px|10px|false|false\u00a0\u00bb custom_padding_last_edited=\u00a0\u00bbon|phone\u00a0\u00bb header_2_font_size_tablet=\u00a0\u00bb40px\u00a0\u00bb header_2_font_size_phone=\u00a0\u00bb40px\u00a0\u00bb header_2_font_size_last_edited=\u00a0\u00bbon|phone\u00a0\u00bb custom_css_free_form=\u00a0\u00bb.et-menu li li a {||    padding: 6px 20px;||    width: 400px;||}\u00a0\u00bb header_2_text_shadow_style=\u00a0\u00bbpreset5&Prime; header_2_text_shadow_color=\u00a0\u00bb#000000&Prime; border_radii=\u00a0\u00bbon|9px|9px|9px|9px\u00a0\u00bb global_colors_info=\u00a0\u00bb{}\u00a0\u00bb]<h2><span style=\"color: #ff0000;\">STACYC<\/span><\/h2>[\/et_pb_text][et_pb_menu menu_id=\u00a0\u00bb421&Prime; menu_style=\u00a0\u00bbcentered\u00a0\u00bb active_link_color=\u00a0\u00bb#8300E9&Prime; dropdown_menu_bg_color=\u00a0\u00bb#262626&Prime; dropdown_menu_line_color=\u00a0\u00bbRGBA(255,255,255,0)\u00a0\u00bb dropdown_menu_text_color=\u00a0\u00bb#FFFFFF\u00a0\u00bb logo_max_width_tablet=\u00a0\u00bb\u00a0\u00bb logo_max_width_phone=\u00a0\u00bb\u00a0\u00bb logo_max_width_last_edited=\u00a0\u00bbon|tablet\u00a0\u00bb admin_label=\u00a0\u00bbMenu TM RACING\u00a0\u00bb module_id=\u00a0\u00bbmenu_modele\u00a0\u00bb _builder_version=\u00a0\u00bb4.27.4&Prime; _module_preset=\u00a0\u00bbdefault\u00a0\u00bb menu_font=\u00a0\u00bbKanit|600|||||||\u00a0\u00bb menu_text_color=\u00a0\u00bb#FFFFFF\u00a0\u00bb menu_font_size=\u00a0\u00bb25px\u00a0\u00bb menu_line_height=\u00a0\u00bb1.4em\u00a0\u00bb background_enable_color=\u00a0\u00bboff\u00a0\u00bb positioning=\u00a0\u00bbabsolute\u00a0\u00bb position_origin_a=\u00a0\u00bbbottom_center\u00a0\u00bb position_origin_f=\u00a0\u00bbbottom_center\u00a0\u00bb z_index=\u00a0\u00bb99999&Prime; vertical_offset_tablet=\u00a0\u00bb\u00a0\u00bb vertical_offset_phone=\u00a0\u00bb\u00a0\u00bb vertical_offset_last_edited=\u00a0\u00bbon|tablet\u00a0\u00bb position_origin_a_tablet=\u00a0\u00bbtop_center\u00a0\u00bb position_origin_a_phone=\u00a0\u00bbtop_left\u00a0\u00bb position_origin_a_last_edited=\u00a0\u00bbon|phone\u00a0\u00bb position_origin_f_tablet=\u00a0\u00bbbottom_center\u00a0\u00bb position_origin_f_phone=\u00a0\u00bbbottom_center\u00a0\u00bb position_origin_f_last_edited=\u00a0\u00bbon|phone\u00a0\u00bb position_origin_r_tablet=\u00a0\u00bb\u00a0\u00bb position_origin_r_phone=\u00a0\u00bb\u00a0\u00bb position_origin_r_last_edited=\u00a0\u00bbon|phone\u00a0\u00bb width=\u00a0\u00bb100%\u00a0\u00bb max_width=\u00a0\u00bb60%\u00a0\u00bb max_width_tablet=\u00a0\u00bb50%\u00a0\u00bb max_width_phone=\u00a0\u00bb50%\u00a0\u00bb max_width_last_edited=\u00a0\u00bbon|tablet\u00a0\u00bb custom_margin_tablet=\u00a0\u00bb\u00a0\u00bb custom_margin_phone=\u00a0\u00bb\u00a0\u00bb custom_margin_last_edited=\u00a0\u00bbon|tablet\u00a0\u00bb custom_padding=\u00a0\u00bb||||false|false\u00a0\u00bb custom_padding_tablet=\u00a0\u00bb||||false|false\u00a0\u00bb custom_padding_phone=\u00a0\u00bb|||0px|false|false\u00a0\u00bb custom_padding_last_edited=\u00a0\u00bbon|phone\u00a0\u00bb menu_font_size_tablet=\u00a0\u00bb25px\u00a0\u00bb menu_font_size_phone=\u00a0\u00bb25px\u00a0\u00bb menu_font_size_last_edited=\u00a0\u00bbon|phone\u00a0\u00bb menu_line_height_tablet=\u00a0\u00bb\u00a0\u00bb menu_line_height_phone=\u00a0\u00bb1.3em\u00a0\u00bb menu_line_height_last_edited=\u00a0\u00bbon|phone\u00a0\u00bb positioning_tablet=\u00a0\u00bbabsolute\u00a0\u00bb positioning_phone=\u00a0\u00bbabsolute\u00a0\u00bb positioning_last_edited=\u00a0\u00bbon|phone\u00a0\u00bb custom_css_main_element=\u00a0\u00bbtop: 20px;\u00a0\u00bb custom_css_dropdown_container=\u00a0\u00bbbox-shadow:none;||width: auto;||z-index:99999!important;||padding: 10px!important;||border-radius: 0px 0px 20px 20px;\u00a0\u00bb custom_css_dropdown_links=\u00a0\u00bbtext-align:center;\u00a0\u00bb global_colors_info=\u00a0\u00bb{}\u00a0\u00bb menu_text_color__hover_enabled=\u00a0\u00bbon|hover\u00a0\u00bb menu_text_color__hover=\u00a0\u00bb#f49600&Prime; custom_css_dropdown_container_last_edited=\u00a0\u00bbon|desktop\u00a0\u00bb custom_css_main_element_last_edited=\u00a0\u00bbon|tablet\u00a0\u00bb custom_css_main_element_tablet=\u00a0\u00bbwidth:100%;\u00a0\u00bb custom_css_main_element_phone=\u00a0\u00bbwidth:55%;||left:20px;\u00a0\u00bb custom_css_dropdown_links_last_edited=\u00a0\u00bbon|phone\u00a0\u00bb custom_css_dropdown_links_phone=\u00a0\u00bbpadding-left:0!important;||text-align:left!important;\u00a0\u00bb custom_css_dropdown_container_phone=\u00a0\u00bb||width:auto;\u00a0\u00bb custom_css_dropdown_container_tablet=\u00a0\u00bbbox-shadow:none;||width: auto;||z-index:99999!important;\u00a0\u00bb custom_css_dropdown_links_tablet=\u00a0\u00bbtext-align:center;\u00a0\u00bb][\/et_pb_menu][\/et_pb_column][\/et_pb_row][\/et_pb_section]\n","protected":false},"excerpt":{"rendered":"<p>DRAISIENNESEDNASEDNASTACYC<\/p>\n","protected":false},"author":1,"featured_media":0,"parent":0,"menu_order":0,"comment_status":"closed","ping_status":"closed","template":"","meta":{"_et_pb_use_builder":"on","_et_pb_old_content":"","_et_gb_content_width":"","iawp_total_views":112,"footnotes":""},"class_list":["post-21032","page","type-page","status-publish","hentry"],"yoast_head":"<!-- This site is optimized with the Yoast SEO Premium plugin v27.5 (Yoast SEO v27.5) - https:\/\/yoast.com\/product\/yoast-seo-premium-wordpress\/ -->\n<title>DRAISIENNE \u00e9lectrique et accessoires - Fast Grip<\/title>\n<meta name=\"description\" content=\"D\u00e9couvrez notre s\u00e9lection de draisiennes \u00e9lectriques et d\u2019accessoires adapt\u00e9s pour petits et grands. Performance, s\u00e9curit\u00e9 et design au meilleur prix. Livraison rapide !\" \/>\n<meta name=\"robots\" content=\"index, follow, max-snippet:-1, max-image-preview:large, max-video-preview:-1\" \/>\n<link rel=\"canonical\" href=\"https:\/\/thefastgrip.com\/index.php\/draisienne\/\" \/>\n<meta property=\"og:locale\" content=\"fr_FR\" \/>\n<meta property=\"og:type\" content=\"article\" \/>\n<meta property=\"og:title\" content=\"DRAISIENNE \u00e9lectrique et accessoires\" \/>\n<meta property=\"og:description\" content=\"D\u00e9couvrez notre s\u00e9lection de draisiennes \u00e9lectriques et d\u2019accessoires adapt\u00e9s pour petits et grands. Performance, s\u00e9curit\u00e9 et design au meilleur prix. Livraison rapide !\" \/>\n<meta property=\"og:url\" content=\"https:\/\/thefastgrip.com\/index.php\/draisienne\/\" \/>\n<meta property=\"og:site_name\" content=\"Fast Grip\" \/>\n<meta property=\"article:modified_time\" content=\"2025-10-28T13:38:26+00:00\" \/>\n<meta property=\"og:image\" content=\"https:\/\/thefastgrip.com\/wp-content\/uploads\/2025\/07\/kit-deco-draisienne-sedna-mx-16-ng-decals-kawasaki-kxf-factory-replica-mx-decals-graphics-autocollant-adhesifs-visuel_Plan-de-travail-1.png\" \/>\n\t<meta property=\"og:image:width\" content=\"1914\" \/>\n\t<meta property=\"og:image:height\" content=\"1228\" \/>\n\t<meta property=\"og:image:type\" content=\"image\/png\" \/>\n<meta name=\"twitter:card\" content=\"summary_large_image\" \/>\n<meta name=\"twitter:title\" content=\"DRAISIENNE\" \/>\n<meta name=\"twitter:label1\" content=\"Dur\u00e9e de lecture estim\u00e9e\" \/>\n\t<meta name=\"twitter:data1\" content=\"1 minute\" \/>\n<script type=\"application\/ld+json\" class=\"yoast-schema-graph\">{\"@context\":\"https:\\\/\\\/schema.org\",\"@graph\":[{\"@type\":\"WebPage\",\"@id\":\"https:\\\/\\\/thefastgrip.com\\\/index.php\\\/draisienne\\\/\",\"url\":\"https:\\\/\\\/thefastgrip.com\\\/index.php\\\/draisienne\\\/\",\"name\":\"DRAISIENNE \u00e9lectrique et accessoires - Fast Grip\",\"isPartOf\":{\"@id\":\"https:\\\/\\\/thefastgrip.com\\\/#website\"},\"datePublished\":\"2025-07-03T13:45:26+00:00\",\"dateModified\":\"2025-10-28T13:38:26+00:00\",\"description\":\"D\u00e9couvrez notre s\u00e9lection de draisiennes \u00e9lectriques et d\u2019accessoires adapt\u00e9s pour petits et grands. Performance, s\u00e9curit\u00e9 et design au meilleur prix. Livraison rapide !\",\"breadcrumb\":{\"@id\":\"https:\\\/\\\/thefastgrip.com\\\/index.php\\\/draisienne\\\/#breadcrumb\"},\"inLanguage\":\"fr-FR\",\"potentialAction\":[{\"@type\":\"ReadAction\",\"target\":[\"https:\\\/\\\/thefastgrip.com\\\/index.php\\\/draisienne\\\/\"]}]},{\"@type\":\"BreadcrumbList\",\"@id\":\"https:\\\/\\\/thefastgrip.com\\\/index.php\\\/draisienne\\\/#breadcrumb\",\"itemListElement\":[{\"@type\":\"ListItem\",\"position\":1,\"name\":\"Accueil\",\"item\":\"https:\\\/\\\/thefastgrip.com\\\/\"},{\"@type\":\"ListItem\",\"position\":2,\"name\":\"DRAISIENNE\"}]},{\"@type\":\"WebSite\",\"@id\":\"https:\\\/\\\/thefastgrip.com\\\/#website\",\"url\":\"https:\\\/\\\/thefastgrip.com\\\/\",\"name\":\"Fast Grip\",\"description\":\"Grip de protection pour motocross enduro etc...\",\"alternateName\":\"the fast grip\",\"potentialAction\":[{\"@type\":\"SearchAction\",\"target\":{\"@type\":\"EntryPoint\",\"urlTemplate\":\"https:\\\/\\\/thefastgrip.com\\\/?s={search_term_string}\"},\"query-input\":{\"@type\":\"PropertyValueSpecification\",\"valueRequired\":true,\"valueName\":\"search_term_string\"}}],\"inLanguage\":\"fr-FR\"}]}<\/script>\n<!-- \/ Yoast SEO Premium plugin. -->","yoast_head_json":{"title":"DRAISIENNE \u00e9lectrique et accessoires - Fast Grip","description":"D\u00e9couvrez notre s\u00e9lection de draisiennes \u00e9lectriques et d\u2019accessoires adapt\u00e9s pour petits et grands. Performance, s\u00e9curit\u00e9 et design au meilleur prix. Livraison rapide !","robots":{"index":"index","follow":"follow","max-snippet":"max-snippet:-1","max-image-preview":"max-image-preview:large","max-video-preview":"max-video-preview:-1"},"canonical":"https:\/\/thefastgrip.com\/index.php\/draisienne\/","og_locale":"fr_FR","og_type":"article","og_title":"DRAISIENNE \u00e9lectrique et accessoires","og_description":"D\u00e9couvrez notre s\u00e9lection de draisiennes \u00e9lectriques et d\u2019accessoires adapt\u00e9s pour petits et grands. Performance, s\u00e9curit\u00e9 et design au meilleur prix. Livraison rapide !","og_url":"https:\/\/thefastgrip.com\/index.php\/draisienne\/","og_site_name":"Fast Grip","article_modified_time":"2025-10-28T13:38:26+00:00","og_image":[{"width":1914,"height":1228,"url":"https:\/\/thefastgrip.com\/wp-content\/uploads\/2025\/07\/kit-deco-draisienne-sedna-mx-16-ng-decals-kawasaki-kxf-factory-replica-mx-decals-graphics-autocollant-adhesifs-visuel_Plan-de-travail-1.png","type":"image\/png"}],"twitter_card":"summary_large_image","twitter_title":"DRAISIENNE","twitter_misc":{"Dur\u00e9e de lecture estim\u00e9e":"1 minute"},"schema":{"@context":"https:\/\/schema.org","@graph":[{"@type":"WebPage","@id":"https:\/\/thefastgrip.com\/index.php\/draisienne\/","url":"https:\/\/thefastgrip.com\/index.php\/draisienne\/","name":"DRAISIENNE \u00e9lectrique et accessoires - Fast Grip","isPartOf":{"@id":"https:\/\/thefastgrip.com\/#website"},"datePublished":"2025-07-03T13:45:26+00:00","dateModified":"2025-10-28T13:38:26+00:00","description":"D\u00e9couvrez notre s\u00e9lection de draisiennes \u00e9lectriques et d\u2019accessoires adapt\u00e9s pour petits et grands. Performance, s\u00e9curit\u00e9 et design au meilleur prix. Livraison rapide !","breadcrumb":{"@id":"https:\/\/thefastgrip.com\/index.php\/draisienne\/#breadcrumb"},"inLanguage":"fr-FR","potentialAction":[{"@type":"ReadAction","target":["https:\/\/thefastgrip.com\/index.php\/draisienne\/"]}]},{"@type":"BreadcrumbList","@id":"https:\/\/thefastgrip.com\/index.php\/draisienne\/#breadcrumb","itemListElement":[{"@type":"ListItem","position":1,"name":"Accueil","item":"https:\/\/thefastgrip.com\/"},{"@type":"ListItem","position":2,"name":"DRAISIENNE"}]},{"@type":"WebSite","@id":"https:\/\/thefastgrip.com\/#website","url":"https:\/\/thefastgrip.com\/","name":"Fast Grip","description":"Grip de protection pour motocross enduro etc...","alternateName":"the fast grip","potentialAction":[{"@type":"SearchAction","target":{"@type":"EntryPoint","urlTemplate":"https:\/\/thefastgrip.com\/?s={search_term_string}"},"query-input":{"@type":"PropertyValueSpecification","valueRequired":true,"valueName":"search_term_string"}}],"inLanguage":"fr-FR"}]}},"jetpack_sharing_enabled":true,"_links":{"self":[{"href":"https:\/\/thefastgrip.com\/index.php\/wp-json\/wp\/v2\/pages\/21032","targetHints":{"allow":["GET"]}}],"collection":[{"href":"https:\/\/thefastgrip.com\/index.php\/wp-json\/wp\/v2\/pages"}],"about":[{"href":"https:\/\/thefastgrip.com\/index.php\/wp-json\/wp\/v2\/types\/page"}],"author":[{"embeddable":true,"href":"https:\/\/thefastgrip.com\/index.php\/wp-json\/wp\/v2\/users\/1"}],"replies":[{"embeddable":true,"href":"https:\/\/thefastgrip.com\/index.php\/wp-json\/wp\/v2\/comments?post=21032"}],"version-history":[{"count":7,"href":"https:\/\/thefastgrip.com\/index.php\/wp-json\/wp\/v2\/pages\/21032\/revisions"}],"predecessor-version":[{"id":23185,"href":"https:\/\/thefastgrip.com\/index.php\/wp-json\/wp\/v2\/pages\/21032\/revisions\/23185"}],"wp:attachment":[{"href":"https:\/\/thefastgrip.com\/index.php\/wp-json\/wp\/v2\/media?parent=21032"}],"curies":[{"name":"wp","href":"https:\/\/api.w.org\/{rel}","templated":true}]}}