{"id":546,"date":"2024-01-16T14:14:49","date_gmt":"2024-01-16T13:14:49","guid":{"rendered":"https:\/\/thefastgrip.com\/?page_id=546"},"modified":"2024-02-08T14:25:05","modified_gmt":"2024-02-08T13:25:05","slug":"mentions-legales","status":"publish","type":"page","link":"https:\/\/thefastgrip.com\/index.php\/mentions-legales\/","title":{"rendered":"Mentions l\u00e9gales"},"content":{"rendered":"<p>[et_pb_section fb_built=\u00a0\u00bb1&Prime; _builder_version=\u00a0\u00bb4.24.0&Prime; _module_preset=\u00a0\u00bbdefault\u00a0\u00bb background_image=\u00a0\u00bbhttps:\/\/thefastgrip.com\/wp-content\/uploads\/2023\/12\/fond-texture_Plan-de-travail-1.png\u00a0\u00bb height_tablet=\u00a0\u00bb\u00a0\u00bb height_phone=\u00a0\u00bb\u00a0\u00bb height_last_edited=\u00a0\u00bbon|phone\u00a0\u00bb custom_margin_tablet=\u00a0\u00bb||||false|false\u00a0\u00bb custom_margin_phone=\u00a0\u00bb0px||||false|false\u00a0\u00bb custom_margin_last_edited=\u00a0\u00bbon|phone\u00a0\u00bb global_colors_info=\u00a0\u00bb{}\u00a0\u00bb][et_pb_row _builder_version=\u00a0\u00bb4.24.0&Prime; _module_preset=\u00a0\u00bbdefault\u00a0\u00bb width=\u00a0\u00bb90%\u00a0\u00bb global_colors_info=\u00a0\u00bb{}\u00a0\u00bb][et_pb_column type=\u00a0\u00bb4_4&Prime; _builder_version=\u00a0\u00bb4.23.4&Prime; _module_preset=\u00a0\u00bbdefault\u00a0\u00bb global_colors_info=\u00a0\u00bb{}\u00a0\u00bb][et_pb_text _builder_version=\u00a0\u00bb4.24.0&Prime; _module_preset=\u00a0\u00bbdefault\u00a0\u00bb text_font=\u00a0\u00bbKanit|300|||||||\u00a0\u00bb text_text_color=\u00a0\u00bb#FFFFFF\u00a0\u00bb text_font_size=\u00a0\u00bb17px\u00a0\u00bb header_font=\u00a0\u00bbKanit||||||||\u00a0\u00bb header_text_color=\u00a0\u00bb#FFFFFF\u00a0\u00bb header_font_size=\u00a0\u00bb60px\u00a0\u00bb header_2_font=\u00a0\u00bbKanit|600|||||||\u00a0\u00bb header_2_text_color=\u00a0\u00bb#FFFFFF\u00a0\u00bb header_2_font_size=\u00a0\u00bb50px\u00a0\u00bb custom_margin=\u00a0\u00bb||40px||false|false\u00a0\u00bb header_font_size_tablet=\u00a0\u00bb60px\u00a0\u00bb header_font_size_phone=\u00a0\u00bb60px\u00a0\u00bb header_font_size_last_edited=\u00a0\u00bbon|desktop\u00a0\u00bb header_text_shadow_style=\u00a0\u00bbpreset1&Prime; header_2_text_shadow_style=\u00a0\u00bbpreset2&Prime; global_colors_info=\u00a0\u00bb{}\u00a0\u00bb]<\/p>\n<h2 style=\"text-align: center;\"><\/h2>\n<h1 style=\"text-align: center;\">Mentions l\u00e9gales<\/h1>\n<p>&nbsp;<\/p>\n<p>Conform\u00e9ment aux dispositions des Articles 6-III et 19 de la Loi n\u00b02004-575 du 21 juin 2004 pour la Confiance dans l\u2019\u00e9conomie num\u00e9rique, dite L.C.E.N., il est port\u00e9 \u00e0 la connaissance des utilisateurs et visiteurs, ci-apr\u00e8s l&rsquo;\u201d<strong>Utilisateur<\/strong>\u201c, du site <a href=\"http:\/\/www.thefastgrip.com\">www.thefastgrip.com<\/a><span>\u00a0<\/span>, ci-apr\u00e8s le \u201c<strong>Site<\/strong>\u201c, les pr\u00e9sentes mentions l\u00e9gales.<\/p>\n<p>La connexion et la navigation sur le Site par l\u2019Utilisateur implique acceptation int\u00e9grale et sans r\u00e9serve des pr\u00e9sentes mentions l\u00e9gales.<br \/>Ces derni\u00e8res sont accessibles sur le Site \u00e0 la rubrique \u00ab<span>\u00a0<\/span>Mentions l\u00e9gales<span>\u00a0<\/span>\u00bb.<\/p>\n<p><strong>ARTICLE 1 \u2013 L\u2019EDITEUR<\/strong><br \/>L\u2019\u00e9dition du Site est assur\u00e9e par <a href=\"www.uneideealanoa.fr\">Une id\u00e9e \u00e0 la noa<\/a>.<br \/>Adresse e-mail :\u00a0<a href=\"mailto:email:sarah.artigue@gmail.com\">sarah.artigue@gmail.com<\/a><br \/>Le Directeur de la publication est Une id\u00e9e \u00e0 la noa.<br \/>ci-apr\u00e8s l&rsquo;\u201d<strong>Editeur<\/strong>\u201c.<\/p>\n<p><strong>ARTICLE 2 \u2013 L\u2019HEBERGEUR<\/strong><br \/>L\u2019h\u00e9bergeur du Site est la soci\u00e9t\u00e9 Hostinger, dont le si\u00e8ge social est situ\u00e9 au UAB Jonavos g. 60C, 44192, KAUNAS , Lituania ,<br \/><span>joignable par le moyen suivant :<\/span>\u00a0<a href=\"https:\/\/www.hostinger.fr\/contact\" target=\"_blank\" rel=\"noopener\">https:\/\/www.hostinger.fr\/contact<\/a><span>.<\/span><\/p>\n<p><strong>ARTICLE 3 \u2013 ACCES AU SITE<\/strong><br \/>Le Site est accessible en tout endroit, 7j\/7, 24h\/24 sauf cas de force majeure, interruption programm\u00e9e ou non et pouvant d\u00e9coulant d\u2019une n\u00e9cessit\u00e9 de maintenance.<br \/>En cas de modification, interruption ou suspension du Site, l\u2019Editeur ne saurait \u00eatre tenu responsable.<\/p>\n<p><strong>ARTICLE 4 \u2013 COLLECTE DES DONNEES<\/strong><br \/>Le Site assure \u00e0 l\u2019Utilisateur une collecte et un traitement d\u2019informations personnelles dans le respect de la vie priv\u00e9e conform\u00e9ment \u00e0 la loi n\u00b078-17 du 6 janvier 1978 relative \u00e0 l\u2019informatique, aux fichiers et aux libert\u00e9s.<\/p>\n<p>En vertu de la loi Informatique et Libert\u00e9s, en date du 6 janvier 1978, l\u2019Utilisateur dispose d\u2019un droit d\u2019acc\u00e8s, de rectification, de suppression et d\u2019opposition de ses donn\u00e9es personnelles.<\/p>\n<p>L\u2019Utilisateur exerce ce droit :<br \/>\u00b7 par mail \u00e0 l\u2019adresse email<span>\u00a0<\/span><a href=\"mailto:thefastgrip@gmail.com\">thefastgrip@gmail.com<\/a><br \/>Toute utilisation, reproduction, diffusion, commercialisation, modification de toute ou partie du Site, sans autorisation de l\u2019Editeur est prohib\u00e9e et pourra entra\u00een\u00e9e des actions et poursuites judiciaires<br \/>telles que notamment pr\u00e9vues par le Code de la propri\u00e9t\u00e9 intellectuelle et le Code civil.<\/p>\n<p>[\/et_pb_text][\/et_pb_column][\/et_pb_row][\/et_pb_section]<\/p>\n","protected":false},"excerpt":{"rendered":"<p>Mentions l\u00e9gales &nbsp; Conform\u00e9ment aux dispositions des Articles 6-III et 19 de la Loi n\u00b02004-575 du 21 juin 2004 pour la Confiance dans l\u2019\u00e9conomie num\u00e9rique, dite L.C.E.N., il est port\u00e9 \u00e0 la connaissance des utilisateurs et visiteurs, ci-apr\u00e8s l&rsquo;\u201dUtilisateur\u201c, du site www.thefastgrip.com\u00a0, ci-apr\u00e8s le \u201cSite\u201c, les pr\u00e9sentes mentions l\u00e9gales. La connexion et la navigation sur [&hellip;]<\/p>\n","protected":false},"author":1,"featured_media":0,"parent":0,"menu_order":0,"comment_status":"closed","ping_status":"closed","template":"","meta":{"_et_pb_use_builder":"on","_et_pb_old_content":"<!-- wp:divi\/placeholder \/-->","_et_gb_content_width":"","iawp_total_views":94,"footnotes":""},"class_list":["post-546","page","type-page","status-publish","hentry"],"yoast_head":"<!-- This site is optimized with the Yoast SEO Premium plugin v27.5 (Yoast SEO v27.5) - https:\/\/yoast.com\/product\/yoast-seo-premium-wordpress\/ -->\n<title>Mentions l\u00e9gales - Fast Grip<\/title>\n<meta name=\"robots\" content=\"index, follow, max-snippet:-1, max-image-preview:large, max-video-preview:-1\" \/>\n<link rel=\"canonical\" href=\"https:\/\/thefastgrip.com\/index.php\/mentions-legales\/\" \/>\n<meta property=\"og:locale\" content=\"fr_FR\" \/>\n<meta property=\"og:type\" content=\"article\" \/>\n<meta property=\"og:title\" content=\"Mentions l\u00e9gales\" \/>\n<meta property=\"og:description\" content=\"Mentions l\u00e9gales &nbsp; Conform\u00e9ment aux dispositions des Articles 6-III et 19 de la Loi n\u00b02004-575 du 21 juin 2004 pour la Confiance dans l\u2019\u00e9conomie num\u00e9rique, dite L.C.E.N., il est port\u00e9 \u00e0 la connaissance des utilisateurs et visiteurs, ci-apr\u00e8s l&#039;\u201dUtilisateur\u201c, du site www.thefastgrip.com\u00a0, ci-apr\u00e8s le \u201cSite\u201c, les pr\u00e9sentes mentions l\u00e9gales. La connexion et la navigation sur [&hellip;]\" \/>\n<meta property=\"og:url\" content=\"https:\/\/thefastgrip.com\/index.php\/mentions-legales\/\" \/>\n<meta property=\"og:site_name\" content=\"Fast Grip\" \/>\n<meta property=\"article:modified_time\" content=\"2024-02-08T13:25:05+00:00\" \/>\n<meta property=\"og:image\" content=\"https:\/\/thefastgrip.com\/wp-content\/uploads\/2024\/02\/logo-rectangle_Plan-de-travail-1.png\" \/>\n\t<meta property=\"og:image:width\" content=\"4421\" \/>\n\t<meta property=\"og:image:height\" content=\"2763\" \/>\n\t<meta property=\"og:image:type\" content=\"image\/png\" \/>\n<meta name=\"twitter:card\" content=\"summary_large_image\" \/>\n<script type=\"application\/ld+json\" class=\"yoast-schema-graph\">{\"@context\":\"https:\\\/\\\/schema.org\",\"@graph\":[{\"@type\":\"WebPage\",\"@id\":\"https:\\\/\\\/thefastgrip.com\\\/index.php\\\/mentions-legales\\\/\",\"url\":\"https:\\\/\\\/thefastgrip.com\\\/index.php\\\/mentions-legales\\\/\",\"name\":\"Mentions l\u00e9gales - Fast Grip\",\"isPartOf\":{\"@id\":\"https:\\\/\\\/thefastgrip.com\\\/#website\"},\"datePublished\":\"2024-01-16T13:14:49+00:00\",\"dateModified\":\"2024-02-08T13:25:05+00:00\",\"breadcrumb\":{\"@id\":\"https:\\\/\\\/thefastgrip.com\\\/index.php\\\/mentions-legales\\\/#breadcrumb\"},\"inLanguage\":\"fr-FR\",\"potentialAction\":[{\"@type\":\"ReadAction\",\"target\":[\"https:\\\/\\\/thefastgrip.com\\\/index.php\\\/mentions-legales\\\/\"]}]},{\"@type\":\"BreadcrumbList\",\"@id\":\"https:\\\/\\\/thefastgrip.com\\\/index.php\\\/mentions-legales\\\/#breadcrumb\",\"itemListElement\":[{\"@type\":\"ListItem\",\"position\":1,\"name\":\"Accueil\",\"item\":\"https:\\\/\\\/thefastgrip.com\\\/\"},{\"@type\":\"ListItem\",\"position\":2,\"name\":\"Mentions l\u00e9gales\"}]},{\"@type\":\"WebSite\",\"@id\":\"https:\\\/\\\/thefastgrip.com\\\/#website\",\"url\":\"https:\\\/\\\/thefastgrip.com\\\/\",\"name\":\"Fast Grip\",\"description\":\"Grip de protection pour motocross enduro etc...\",\"alternateName\":\"the fast grip\",\"potentialAction\":[{\"@type\":\"SearchAction\",\"target\":{\"@type\":\"EntryPoint\",\"urlTemplate\":\"https:\\\/\\\/thefastgrip.com\\\/?s={search_term_string}\"},\"query-input\":{\"@type\":\"PropertyValueSpecification\",\"valueRequired\":true,\"valueName\":\"search_term_string\"}}],\"inLanguage\":\"fr-FR\"}]}<\/script>\n<!-- \/ Yoast SEO Premium plugin. -->","yoast_head_json":{"title":"Mentions l\u00e9gales - Fast Grip","robots":{"index":"index","follow":"follow","max-snippet":"max-snippet:-1","max-image-preview":"max-image-preview:large","max-video-preview":"max-video-preview:-1"},"canonical":"https:\/\/thefastgrip.com\/index.php\/mentions-legales\/","og_locale":"fr_FR","og_type":"article","og_title":"Mentions l\u00e9gales","og_description":"Mentions l\u00e9gales &nbsp; Conform\u00e9ment aux dispositions des Articles 6-III et 19 de la Loi n\u00b02004-575 du 21 juin 2004 pour la Confiance dans l\u2019\u00e9conomie num\u00e9rique, dite L.C.E.N., il est port\u00e9 \u00e0 la connaissance des utilisateurs et visiteurs, ci-apr\u00e8s l'\u201dUtilisateur\u201c, du site www.thefastgrip.com\u00a0, ci-apr\u00e8s le \u201cSite\u201c, les pr\u00e9sentes mentions l\u00e9gales. La connexion et la navigation sur [&hellip;]","og_url":"https:\/\/thefastgrip.com\/index.php\/mentions-legales\/","og_site_name":"Fast Grip","article_modified_time":"2024-02-08T13:25:05+00:00","og_image":[{"width":4421,"height":2763,"url":"https:\/\/thefastgrip.com\/wp-content\/uploads\/2024\/02\/logo-rectangle_Plan-de-travail-1.png","type":"image\/png"}],"twitter_card":"summary_large_image","schema":{"@context":"https:\/\/schema.org","@graph":[{"@type":"WebPage","@id":"https:\/\/thefastgrip.com\/index.php\/mentions-legales\/","url":"https:\/\/thefastgrip.com\/index.php\/mentions-legales\/","name":"Mentions l\u00e9gales - Fast Grip","isPartOf":{"@id":"https:\/\/thefastgrip.com\/#website"},"datePublished":"2024-01-16T13:14:49+00:00","dateModified":"2024-02-08T13:25:05+00:00","breadcrumb":{"@id":"https:\/\/thefastgrip.com\/index.php\/mentions-legales\/#breadcrumb"},"inLanguage":"fr-FR","potentialAction":[{"@type":"ReadAction","target":["https:\/\/thefastgrip.com\/index.php\/mentions-legales\/"]}]},{"@type":"BreadcrumbList","@id":"https:\/\/thefastgrip.com\/index.php\/mentions-legales\/#breadcrumb","itemListElement":[{"@type":"ListItem","position":1,"name":"Accueil","item":"https:\/\/thefastgrip.com\/"},{"@type":"ListItem","position":2,"name":"Mentions l\u00e9gales"}]},{"@type":"WebSite","@id":"https:\/\/thefastgrip.com\/#website","url":"https:\/\/thefastgrip.com\/","name":"Fast Grip","description":"Grip de protection pour motocross enduro etc...","alternateName":"the fast grip","potentialAction":[{"@type":"SearchAction","target":{"@type":"EntryPoint","urlTemplate":"https:\/\/thefastgrip.com\/?s={search_term_string}"},"query-input":{"@type":"PropertyValueSpecification","valueRequired":true,"valueName":"search_term_string"}}],"inLanguage":"fr-FR"}]}},"jetpack_sharing_enabled":true,"_links":{"self":[{"href":"https:\/\/thefastgrip.com\/index.php\/wp-json\/wp\/v2\/pages\/546","targetHints":{"allow":["GET"]}}],"collection":[{"href":"https:\/\/thefastgrip.com\/index.php\/wp-json\/wp\/v2\/pages"}],"about":[{"href":"https:\/\/thefastgrip.com\/index.php\/wp-json\/wp\/v2\/types\/page"}],"author":[{"embeddable":true,"href":"https:\/\/thefastgrip.com\/index.php\/wp-json\/wp\/v2\/users\/1"}],"replies":[{"embeddable":true,"href":"https:\/\/thefastgrip.com\/index.php\/wp-json\/wp\/v2\/comments?post=546"}],"version-history":[{"count":6,"href":"https:\/\/thefastgrip.com\/index.php\/wp-json\/wp\/v2\/pages\/546\/revisions"}],"predecessor-version":[{"id":892,"href":"https:\/\/thefastgrip.com\/index.php\/wp-json\/wp\/v2\/pages\/546\/revisions\/892"}],"wp:attachment":[{"href":"https:\/\/thefastgrip.com\/index.php\/wp-json\/wp\/v2\/media?parent=546"}],"curies":[{"name":"wp","href":"https:\/\/api.w.org\/{rel}","templated":true}]}}