{"id":2024,"date":"2024-03-25T16:19:59","date_gmt":"2024-03-25T15:19:59","guid":{"rendered":"https:\/\/thefastgrip.com\/?post_type=product&#038;p=2024"},"modified":"2025-04-24T18:49:28","modified_gmt":"2025-04-24T16:49:28","slug":"protection-plaques-laterales-ktm-125-250-300-350-450-500-exc-excf-tpi-2008-2011-full-grip-transparent","status":"publish","type":"product","link":"https:\/\/thefastgrip.com\/index.php\/produit\/protection-plaques-laterales-ktm-125-250-300-350-450-500-exc-excf-tpi-2008-2011-full-grip-transparent\/","title":{"rendered":"Kit autocollant protection plaques lat\u00e9rales KTM 125 \/ 250 \/ 300 \/ 350 \/ 450 \/ 500 EXC \/ EXCF \/ TPI 2008 -> 2011 FULL GRIP Transparent"},"content":{"rendered":"<p>[et_pb_section fb_built=\u00a0\u00bb1&Prime; _builder_version=\u00a0\u00bb4.23.4&Prime; background_color=\u00a0\u00bb#000000&Prime; custom_padding=\u00a0\u00bb0px||||false|false\u00a0\u00bb global_colors_info=\u00a0\u00bb{}\u00a0\u00bb][et_pb_row _builder_version=\u00a0\u00bb4.16&Prime; background_size=\u00a0\u00bbinitial\u00a0\u00bb background_position=\u00a0\u00bbtop_left\u00a0\u00bb background_repeat=\u00a0\u00bbrepeat\u00a0\u00bb width=\u00a0\u00bb100%\u00a0\u00bb custom_padding=\u00a0\u00bb0px||0px||false|false\u00a0\u00bb global_colors_info=\u00a0\u00bb{}\u00a0\u00bb][et_pb_column type=\u00a0\u00bb4_4&Prime; _builder_version=\u00a0\u00bb4.16&Prime; custom_padding=\u00a0\u00bb|||\u00a0\u00bb global_colors_info=\u00a0\u00bb{}\u00a0\u00bb custom_padding__hover=\u00a0\u00bb|||\u00a0\u00bb][et_pb_wc_breadcrumb _builder_version=\u00a0\u00bb4.24.0&Prime; _module_preset=\u00a0\u00bbdefault\u00a0\u00bb body_font=\u00a0\u00bbKanit||||||||\u00a0\u00bb body_text_color=\u00a0\u00bb#FFFFFF\u00a0\u00bb body_font_size=\u00a0\u00bb16px\u00a0\u00bb link_font=\u00a0\u00bbKanit||||||||\u00a0\u00bb link_text_color=\u00a0\u00bb#CBBB9F\u00a0\u00bb custom_padding=\u00a0\u00bb40px||40px|10px|false|false\u00a0\u00bb custom_padding_tablet=\u00a0\u00bb|70px|10px|70px|false|false\u00a0\u00bb custom_padding_phone=\u00a0\u00bb|40px||40px|false|false\u00a0\u00bb custom_padding_last_edited=\u00a0\u00bbon|tablet\u00a0\u00bb body_font_size_tablet=\u00a0\u00bb16px\u00a0\u00bb body_font_size_phone=\u00a0\u00bb15px\u00a0\u00bb body_font_size_last_edited=\u00a0\u00bbon|phone\u00a0\u00bb global_colors_info=\u00a0\u00bb{}\u00a0\u00bb][\/et_pb_wc_breadcrumb][\/et_pb_column][\/et_pb_row][et_pb_row column_structure=\u00a0\u00bb1_2,1_2&Prime; _builder_version=\u00a0\u00bb4.23.4&Prime; background_size=\u00a0\u00bbinitial\u00a0\u00bb background_position=\u00a0\u00bbtop_left\u00a0\u00bb background_repeat=\u00a0\u00bbrepeat\u00a0\u00bb width=\u00a0\u00bb100%\u00a0\u00bb width_tablet=\u00a0\u00bb80%\u00a0\u00bb width_phone=\u00a0\u00bb80%\u00a0\u00bb width_last_edited=\u00a0\u00bbon|tablet\u00a0\u00bb custom_margin=\u00a0\u00bb40px||||false|false\u00a0\u00bb custom_padding=\u00a0\u00bb0px||||false|false\u00a0\u00bb global_colors_info=\u00a0\u00bb{}\u00a0\u00bb][et_pb_column type=\u00a0\u00bb1_2&Prime; _builder_version=\u00a0\u00bb4.16&Prime; custom_padding=\u00a0\u00bb|||\u00a0\u00bb global_colors_info=\u00a0\u00bb{}\u00a0\u00bb custom_padding__hover=\u00a0\u00bb|||\u00a0\u00bb][et_pb_wc_images _builder_version=\u00a0\u00bb4.23.4&Prime; global_colors_info=\u00a0\u00bb{}\u00a0\u00bb][\/et_pb_wc_images][\/et_pb_column][et_pb_column type=\u00a0\u00bb1_2&Prime; _builder_version=\u00a0\u00bb4.16&Prime; custom_padding=\u00a0\u00bb|||\u00a0\u00bb global_colors_info=\u00a0\u00bb{}\u00a0\u00bb custom_padding__hover=\u00a0\u00bb|||\u00a0\u00bb][et_pb_wc_title _builder_version=\u00a0\u00bb4.24.0&Prime; header_font=\u00a0\u00bbKanit||||||||\u00a0\u00bb header_text_color=\u00a0\u00bb#cbbb9f\u00a0\u00bb header_font_size=\u00a0\u00bb27px\u00a0\u00bb header_font_size_tablet=\u00a0\u00bb27px\u00a0\u00bb header_font_size_phone=\u00a0\u00bb24px\u00a0\u00bb header_font_size_last_edited=\u00a0\u00bbon|phone\u00a0\u00bb global_colors_info=\u00a0\u00bb{}\u00a0\u00bb][\/et_pb_wc_title][et_pb_wc_description _builder_version=\u00a0\u00bb4.23.4&Prime; body_font=\u00a0\u00bbKanit||||||||\u00a0\u00bb body_text_color=\u00a0\u00bb#FFFFFF\u00a0\u00bb body_font_size=\u00a0\u00bb19px\u00a0\u00bb header_font=\u00a0\u00bbKanit||||||||\u00a0\u00bb background_layout=\u00a0\u00bbdark\u00a0\u00bb body_font_size_tablet=\u00a0\u00bb19px\u00a0\u00bb body_font_size_phone=\u00a0\u00bb18px\u00a0\u00bb body_font_size_last_edited=\u00a0\u00bbon|phone\u00a0\u00bb global_colors_info=\u00a0\u00bb{}\u00a0\u00bb][\/et_pb_wc_description][et_pb_wc_price admin_label=\u00a0\u00bbPrix du produit Woo\u00a0\u00bb _builder_version=\u00a0\u00bb4.23.4&Prime; body_font=\u00a0\u00bbKanit||||||||\u00a0\u00bb body_text_color=\u00a0\u00bb#FFFFFF\u00a0\u00bb text_orientation=\u00a0\u00bbright\u00a0\u00bb global_colors_info=\u00a0\u00bb{}\u00a0\u00bb][\/et_pb_wc_price][et_pb_wc_add_to_cart show_stock=\u00a0\u00bboff\u00a0\u00bb field_label_position=\u00a0\u00bbinline\u00a0\u00bb _builder_version=\u00a0\u00bb4.24.0&Prime; fields_background_color=\u00a0\u00bb#000000&Prime; fields_text_color=\u00a0\u00bb#FFFFFF\u00a0\u00bb fields_custom_margin=\u00a0\u00bb0px|0px|0px|0px|false|false\u00a0\u00bb fields_custom_padding=\u00a0\u00bb0px|0px|0px|0px|false|false\u00a0\u00bb field_label_font=\u00a0\u00bbKanit|700|||||||\u00a0\u00bb field_label_text_align=\u00a0\u00bbleft\u00a0\u00bb field_label_text_color=\u00a0\u00bb#FFFFFF\u00a0\u00bb fields_font=\u00a0\u00bbKanit||||||||\u00a0\u00bb fields_font_size=\u00a0\u00bb22px\u00a0\u00bb custom_button=\u00a0\u00bbon\u00a0\u00bb button_text_color=\u00a0\u00bb#cbbb9f\u00a0\u00bb button_bg_color=\u00a0\u00bbRGBA(255,255,255,0)\u00a0\u00bb button_border_width=\u00a0\u00bb3px\u00a0\u00bb button_border_radius=\u00a0\u00bb7px\u00a0\u00bb button_font=\u00a0\u00bbKanit|500|||||||\u00a0\u00bb button_custom_margin=\u00a0\u00bb||||false|false\u00a0\u00bb button_custom_padding=\u00a0\u00bb||||false|false\u00a0\u00bb button_custom_padding_phone=\u00a0\u00bb||||false|false\u00a0\u00bb button_custom_padding_last_edited=\u00a0\u00bboff|phone\u00a0\u00bb text_orientation=\u00a0\u00bbright\u00a0\u00bb field_label_text_align_tablet=\u00a0\u00bbleft\u00a0\u00bb field_label_text_align_phone=\u00a0\u00bbcenter\u00a0\u00bb field_label_text_align_last_edited=\u00a0\u00bbon|phone\u00a0\u00bb fields_font_size_tablet=\u00a0\u00bb22px\u00a0\u00bb fields_font_size_phone=\u00a0\u00bb20px\u00a0\u00bb fields_font_size_last_edited=\u00a0\u00bbon|phone\u00a0\u00bb button_text_size_tablet=\u00a0\u00bb\u00a0\u00bb button_text_size_phone=\u00a0\u00bb18px\u00a0\u00bb button_text_size_last_edited=\u00a0\u00bbon|phone\u00a0\u00bb text_orientation_tablet=\u00a0\u00bbright\u00a0\u00bb text_orientation_phone=\u00a0\u00bbcenter\u00a0\u00bb text_orientation_last_edited=\u00a0\u00bbon|phone\u00a0\u00bb global_colors_info=\u00a0\u00bb{}\u00a0\u00bb][\/et_pb_wc_add_to_cart][\/et_pb_column][\/et_pb_row][et_pb_row _builder_version=\u00a0\u00bb4.23.4&Prime; background_size=\u00a0\u00bbinitial\u00a0\u00bb background_position=\u00a0\u00bbtop_left\u00a0\u00bb background_repeat=\u00a0\u00bbrepeat\u00a0\u00bb width=\u00a0\u00bb100%\u00a0\u00bb width_tablet=\u00a0\u00bb80%\u00a0\u00bb width_phone=\u00a0\u00bb80%\u00a0\u00bb width_last_edited=\u00a0\u00bbon|tablet\u00a0\u00bb global_colors_info=\u00a0\u00bb{}\u00a0\u00bb][et_pb_column type=\u00a0\u00bb4_4&Prime; _builder_version=\u00a0\u00bb4.16&Prime; custom_padding=\u00a0\u00bb|||\u00a0\u00bb global_colors_info=\u00a0\u00bb{}\u00a0\u00bb custom_padding__hover=\u00a0\u00bb|||\u00a0\u00bb][et_pb_wc_tabs active_tab_background_color=\u00a0\u00bb#000000&Prime; inactive_tab_background_color=\u00a0\u00bb#000000&Prime; active_tab_text_color=\u00a0\u00bb#cbbb9f\u00a0\u00bb _builder_version=\u00a0\u00bb4.24.0&Prime; tab_text_color=\u00a0\u00bb#cbbb9f\u00a0\u00bb body_font=\u00a0\u00bbKanit|300|||||||\u00a0\u00bb body_text_color=\u00a0\u00bb#FFFFFF\u00a0\u00bb tab_font=\u00a0\u00bbKanit||||||||\u00a0\u00bb tab_font_size=\u00a0\u00bb17px\u00a0\u00bb background_color=\u00a0\u00bb#000000&Prime; border_radii=\u00a0\u00bbon|12px|12px|12px|12px\u00a0\u00bb border_color_all=\u00a0\u00bb#cbbb9f\u00a0\u00bb global_colors_info=\u00a0\u00bb{}\u00a0\u00bb]\t\t\t\t\t[\/et_pb_wc_tabs][et_pb_wc_upsells columns_number=\u00a0\u00bb3&Prime; _builder_version=\u00a0\u00bb4.16&Prime; global_colors_info=\u00a0\u00bb{}\u00a0\u00bb][\/et_pb_wc_upsells][et_pb_wc_related_products posts_number=\u00a0\u00bb3&Prime; columns_number=\u00a0\u00bb3&Prime; icon_hover_color=\u00a0\u00bb#FFFFFF\u00a0\u00bb hover_overlay_color=\u00a0\u00bbrgba(203,187,159,0.72)\u00a0\u00bb _builder_version=\u00a0\u00bb4.24.0&Prime; title_font=\u00a0\u00bbKanit||||||||\u00a0\u00bb title_text_color=\u00a0\u00bb#FFFFFF\u00a0\u00bb title_line_height=\u00a0\u00bb1.7em\u00a0\u00bb product_title_font=\u00a0\u00bbKanit|300|||||||\u00a0\u00bb product_title_text_color=\u00a0\u00bb#FFFFFF\u00a0\u00bb product_title_font_size=\u00a0\u00bb20px\u00a0\u00bb price_font=\u00a0\u00bbKanit||||||||\u00a0\u00bb price_text_align=\u00a0\u00bbright\u00a0\u00bb price_text_color=\u00a0\u00bb#CBBB9F\u00a0\u00bb price_font_size=\u00a0\u00bb16px\u00a0\u00bb price_line_height=\u00a0\u00bb1em\u00a0\u00bb custom_padding=\u00a0\u00bb50px||||false|false\u00a0\u00bb title_font_size_tablet=\u00a0\u00bb\u00a0\u00bb title_font_size_phone=\u00a0\u00bb23px\u00a0\u00bb title_font_size_last_edited=\u00a0\u00bbon|phone\u00a0\u00bb product_title_font_size_tablet=\u00a0\u00bb20px\u00a0\u00bb product_title_font_size_phone=\u00a0\u00bb17px\u00a0\u00bb product_title_font_size_last_edited=\u00a0\u00bbon|phone\u00a0\u00bb price_font_size_tablet=\u00a0\u00bb16px\u00a0\u00bb price_font_size_phone=\u00a0\u00bb14px\u00a0\u00bb price_font_size_last_edited=\u00a0\u00bbon|phone\u00a0\u00bb global_colors_info=\u00a0\u00bb{}\u00a0\u00bb][\/et_pb_wc_related_products][\/et_pb_column][\/et_pb_row][\/et_pb_section]<\/p>\n","protected":false},"excerpt":{"rendered":"<p>FAST GRIP vous propose cet article : FULL Grip transparent<\/p>\n<p>Il est disponible pour enduro KTM 125 \/ 250 \/ 300 \/ 350 \/ 450 EXC \/ EXCF \/ TPI.<\/p>\n<p>D\u00e9couvrez nos grips de protection pour motocross. Fabriqu\u00e9s avec des mat\u00e9riaux de haute qualit\u00e9, ces grips offrent une adh\u00e9rence optimale, vous permettant de garder un contr\u00f4le absolu de votre moto, m\u00eame dans les conditions les plus extr\u00eames. Disponibles dans une vari\u00e9t\u00e9 de couleurs et de motifs, nos grips de protection ajoutent \u00e9galement une touche de style \u00e0 votre moto.<\/p>\n","protected":false},"featured_media":2025,"comment_status":"closed","ping_status":"closed","template":"","meta":{"_et_pb_use_builder":"on","_et_pb_old_content":"Votre kit FAST GRIP pour enduro KTM comprend :\r\n<ul>\r\n \t<li>plaques lat\u00e9rales<\/li>\r\n<\/ul>\r\nNos produits sont fabriqu\u00e9s en France avec les meilleurs adh\u00e9sifs pour une r\u00e9sistance maximale!\r\nLes images de kit grip sont \u00e0 titre d\u2019exemple et peuvent varier selon l\u2019ann\u00e9e et le mod\u00e8le de votre enduro.\r\nCe kit grip KTM est disponible pour les mod\u00e8les suivants :\r\n\r\n125 \/ 250 \/ 300 \/ 350 \/ 450 \/ 500 EXC \/ EXCF \/ TPI : 2008 2009 2010 2011\r\n\r\nSi votre moto n\u2019est pas dans les mod\u00e8les disponibles de kit Fast Grip KTM enduro, n\u2019h\u00e9sitez pas \u00e0 nous contacter pour faire votre kit grip de plaques lat\u00e9rale.\r\n\r\n<a href=\"https:\/\/thefastgrip.com\/index.php\/fast-grip-motocross-enduro\/\"><img class=\"alignnone wp-image-1084 size-thumbnail\" src=\"https:\/\/thefastgrip.com\/wp-content\/uploads\/2024\/02\/cropped-logo-rond-300x300-1-150x150.png\" alt=\"\" width=\"150\" height=\"150\" \/><\/a>","_et_gb_content_width":"","iawp_total_views":4},"product_brand":[],"product_cat":[213],"product_tag":[],"class_list":{"0":"post-2024","1":"product","2":"type-product","3":"status-publish","4":"has-post-thumbnail","6":"product_cat-125-250-300-350-450-500-exc-excf-tpi-2008-a-2011","7":"product_shipping_class-296","9":"first","10":"instock","11":"sale","12":"taxable","13":"shipping-taxable","14":"purchasable","15":"product-type-simple"},"yoast_head":"<!-- This site is optimized with the Yoast SEO Premium plugin v27.3 (Yoast SEO v27.3) - https:\/\/yoast.com\/product\/yoast-seo-premium-wordpress\/ -->\n<title>Kit autocollant protection plaques lat\u00e9rales KTM 125 \/ 250 \/ 300 \/ 350 \/ 450 \/ 500 EXC \/ EXCF \/ TPI 2008 -&gt; 2011 FULL GRIP Transparent - Fast Grip<\/title>\n<meta name=\"description\" content=\"Protection en grip pour plaques lat\u00e9rales enduro ktm 125 250 300 350 450 500 exc excf tpi 2008 2009 2010 2011 ces grips sont fait pour une meilleure accroche et une protection de votre moto\" \/>\n<meta name=\"robots\" content=\"index, follow, max-snippet:-1, max-image-preview:large, max-video-preview:-1\" \/>\n<link rel=\"canonical\" href=\"https:\/\/thefastgrip.com\/index.php\/produit\/protection-plaques-laterales-ktm-125-250-300-350-450-500-exc-excf-tpi-2008-2011-full-grip-transparent\/\" \/>\n<meta property=\"og:locale\" content=\"fr_FR\" \/>\n<meta property=\"og:type\" content=\"article\" \/>\n<meta property=\"og:title\" content=\"Kit autocollant protection plaques lat\u00e9rales KTM 125 \/ 250 \/ 300 \/ 350 \/ 450 \/ 500 EXC \/ EXCF \/ TPI 2008 -&gt; 2011 FULL GRIP Transparent\" \/>\n<meta property=\"og:description\" content=\"Protection en grip pour plaques lat\u00e9rales enduro ktm 125 250 300 350 450 500 exc excf tpi 2008 2009 2010 2011 ces grips sont fait pour une meilleure accroche et une protection de votre moto\" \/>\n<meta property=\"og:url\" content=\"https:\/\/thefastgrip.com\/index.php\/produit\/protection-plaques-laterales-ktm-125-250-300-350-450-500-exc-excf-tpi-2008-2011-full-grip-transparent\/\" \/>\n<meta property=\"og:site_name\" content=\"Fast Grip\" \/>\n<meta property=\"article:modified_time\" content=\"2025-04-24T16:49:28+00:00\" \/>\n<meta property=\"og:image\" content=\"https:\/\/thefastgrip.com\/wp-content\/uploads\/2024\/03\/fast-grip-ktm-125-250-300-350-450-500-exc-excf-tpi-2008-2009-2010-2011-protections-plaques-laterales-full-grip_Plan-de-travail-1.png\" \/>\n\t<meta property=\"og:image:width\" content=\"2953\" \/>\n\t<meta property=\"og:image:height\" content=\"2953\" \/>\n\t<meta property=\"og:image:type\" content=\"image\/png\" \/>\n<meta name=\"twitter:card\" content=\"summary_large_image\" \/>\n<meta name=\"twitter:label1\" content=\"Dur\u00e9e de lecture estim\u00e9e\" \/>\n\t<meta name=\"twitter:data1\" content=\"2 minutes\" \/>\n<script type=\"application\/ld+json\" class=\"yoast-schema-graph\">{\"@context\":\"https:\\\/\\\/schema.org\",\"@graph\":[{\"@type\":\"WebPage\",\"@id\":\"https:\\\/\\\/thefastgrip.com\\\/index.php\\\/produit\\\/protection-plaques-laterales-ktm-125-250-300-350-450-500-exc-excf-tpi-2008-2011-full-grip-transparent\\\/\",\"url\":\"https:\\\/\\\/thefastgrip.com\\\/index.php\\\/produit\\\/protection-plaques-laterales-ktm-125-250-300-350-450-500-exc-excf-tpi-2008-2011-full-grip-transparent\\\/\",\"name\":\"Kit autocollant protection plaques lat\u00e9rales KTM 125 \\\/ 250 \\\/ 300 \\\/ 350 \\\/ 450 \\\/ 500 EXC \\\/ EXCF \\\/ TPI 2008 -> 2011 FULL GRIP Transparent - Fast Grip\",\"isPartOf\":{\"@id\":\"https:\\\/\\\/thefastgrip.com\\\/#website\"},\"primaryImageOfPage\":{\"@id\":\"https:\\\/\\\/thefastgrip.com\\\/index.php\\\/produit\\\/protection-plaques-laterales-ktm-125-250-300-350-450-500-exc-excf-tpi-2008-2011-full-grip-transparent\\\/#primaryimage\"},\"image\":{\"@id\":\"https:\\\/\\\/thefastgrip.com\\\/index.php\\\/produit\\\/protection-plaques-laterales-ktm-125-250-300-350-450-500-exc-excf-tpi-2008-2011-full-grip-transparent\\\/#primaryimage\"},\"thumbnailUrl\":\"https:\\\/\\\/thefastgrip.com\\\/wp-content\\\/uploads\\\/2024\\\/03\\\/fast-grip-ktm-125-250-300-350-450-500-exc-excf-tpi-2008-2009-2010-2011-protections-plaques-laterales-full-grip_Plan-de-travail-1.png\",\"datePublished\":\"2024-03-25T15:19:59+00:00\",\"dateModified\":\"2025-04-24T16:49:28+00:00\",\"description\":\"Protection en grip pour plaques lat\u00e9rales enduro ktm 125 250 300 350 450 500 exc excf tpi 2008 2009 2010 2011 ces grips sont fait pour une meilleure accroche et une protection de votre moto\",\"breadcrumb\":{\"@id\":\"https:\\\/\\\/thefastgrip.com\\\/index.php\\\/produit\\\/protection-plaques-laterales-ktm-125-250-300-350-450-500-exc-excf-tpi-2008-2011-full-grip-transparent\\\/#breadcrumb\"},\"inLanguage\":\"fr-FR\",\"potentialAction\":[{\"@type\":\"ReadAction\",\"target\":[\"https:\\\/\\\/thefastgrip.com\\\/index.php\\\/produit\\\/protection-plaques-laterales-ktm-125-250-300-350-450-500-exc-excf-tpi-2008-2011-full-grip-transparent\\\/\"]}]},{\"@type\":\"ImageObject\",\"inLanguage\":\"fr-FR\",\"@id\":\"https:\\\/\\\/thefastgrip.com\\\/index.php\\\/produit\\\/protection-plaques-laterales-ktm-125-250-300-350-450-500-exc-excf-tpi-2008-2011-full-grip-transparent\\\/#primaryimage\",\"url\":\"https:\\\/\\\/thefastgrip.com\\\/wp-content\\\/uploads\\\/2024\\\/03\\\/fast-grip-ktm-125-250-300-350-450-500-exc-excf-tpi-2008-2009-2010-2011-protections-plaques-laterales-full-grip_Plan-de-travail-1.png\",\"contentUrl\":\"https:\\\/\\\/thefastgrip.com\\\/wp-content\\\/uploads\\\/2024\\\/03\\\/fast-grip-ktm-125-250-300-350-450-500-exc-excf-tpi-2008-2009-2010-2011-protections-plaques-laterales-full-grip_Plan-de-travail-1.png\",\"width\":2953,\"height\":2953,\"caption\":\"fast grip ktm 125 250 300 350 450 500 exc excf tpi 2008 2009 2010 2011 protections plaques lat\u00e9rales full grip_Plan de travail 1\"},{\"@type\":\"BreadcrumbList\",\"@id\":\"https:\\\/\\\/thefastgrip.com\\\/index.php\\\/produit\\\/protection-plaques-laterales-ktm-125-250-300-350-450-500-exc-excf-tpi-2008-2011-full-grip-transparent\\\/#breadcrumb\",\"itemListElement\":[{\"@type\":\"ListItem\",\"position\":1,\"name\":\"Accueil\",\"item\":\"https:\\\/\\\/thefastgrip.com\\\/\"},{\"@type\":\"ListItem\",\"position\":2,\"name\":\"CHOISIS TON ARTICLE\",\"item\":\"https:\\\/\\\/thefastgrip.com\\\/index.php\\\/choisis-ton-article\\\/\"},{\"@type\":\"ListItem\",\"position\":3,\"name\":\"Kit autocollant protection plaques lat\u00e9rales KTM 125 \\\/ 250 \\\/ 300 \\\/ 350 \\\/ 450 \\\/ 500 EXC \\\/ EXCF \\\/ TPI 2008 -> 2011 FULL GRIP Transparent\"}]},{\"@type\":\"WebSite\",\"@id\":\"https:\\\/\\\/thefastgrip.com\\\/#website\",\"url\":\"https:\\\/\\\/thefastgrip.com\\\/\",\"name\":\"Fast Grip\",\"description\":\"Grip de protection pour motocross enduro etc...\",\"alternateName\":\"the fast grip\",\"potentialAction\":[{\"@type\":\"SearchAction\",\"target\":{\"@type\":\"EntryPoint\",\"urlTemplate\":\"https:\\\/\\\/thefastgrip.com\\\/?s={search_term_string}\"},\"query-input\":{\"@type\":\"PropertyValueSpecification\",\"valueRequired\":true,\"valueName\":\"search_term_string\"}}],\"inLanguage\":\"fr-FR\"}]}<\/script>\n<!-- \/ Yoast SEO Premium plugin. -->","yoast_head_json":{"title":"Kit autocollant protection plaques lat\u00e9rales KTM 125 \/ 250 \/ 300 \/ 350 \/ 450 \/ 500 EXC \/ EXCF \/ TPI 2008 -> 2011 FULL GRIP Transparent - Fast Grip","description":"Protection en grip pour plaques lat\u00e9rales enduro ktm 125 250 300 350 450 500 exc excf tpi 2008 2009 2010 2011 ces grips sont fait pour une meilleure accroche et une protection de votre moto","robots":{"index":"index","follow":"follow","max-snippet":"max-snippet:-1","max-image-preview":"max-image-preview:large","max-video-preview":"max-video-preview:-1"},"canonical":"https:\/\/thefastgrip.com\/index.php\/produit\/protection-plaques-laterales-ktm-125-250-300-350-450-500-exc-excf-tpi-2008-2011-full-grip-transparent\/","og_locale":"fr_FR","og_type":"article","og_title":"Kit autocollant protection plaques lat\u00e9rales KTM 125 \/ 250 \/ 300 \/ 350 \/ 450 \/ 500 EXC \/ EXCF \/ TPI 2008 -> 2011 FULL GRIP Transparent","og_description":"Protection en grip pour plaques lat\u00e9rales enduro ktm 125 250 300 350 450 500 exc excf tpi 2008 2009 2010 2011 ces grips sont fait pour une meilleure accroche et une protection de votre moto","og_url":"https:\/\/thefastgrip.com\/index.php\/produit\/protection-plaques-laterales-ktm-125-250-300-350-450-500-exc-excf-tpi-2008-2011-full-grip-transparent\/","og_site_name":"Fast Grip","article_modified_time":"2025-04-24T16:49:28+00:00","og_image":[{"width":2953,"height":2953,"url":"https:\/\/thefastgrip.com\/wp-content\/uploads\/2024\/03\/fast-grip-ktm-125-250-300-350-450-500-exc-excf-tpi-2008-2009-2010-2011-protections-plaques-laterales-full-grip_Plan-de-travail-1.png","type":"image\/png"}],"twitter_card":"summary_large_image","twitter_misc":{"Dur\u00e9e de lecture estim\u00e9e":"2 minutes"},"schema":{"@context":"https:\/\/schema.org","@graph":[{"@type":"WebPage","@id":"https:\/\/thefastgrip.com\/index.php\/produit\/protection-plaques-laterales-ktm-125-250-300-350-450-500-exc-excf-tpi-2008-2011-full-grip-transparent\/","url":"https:\/\/thefastgrip.com\/index.php\/produit\/protection-plaques-laterales-ktm-125-250-300-350-450-500-exc-excf-tpi-2008-2011-full-grip-transparent\/","name":"Kit autocollant protection plaques lat\u00e9rales KTM 125 \/ 250 \/ 300 \/ 350 \/ 450 \/ 500 EXC \/ EXCF \/ TPI 2008 -> 2011 FULL GRIP Transparent - Fast Grip","isPartOf":{"@id":"https:\/\/thefastgrip.com\/#website"},"primaryImageOfPage":{"@id":"https:\/\/thefastgrip.com\/index.php\/produit\/protection-plaques-laterales-ktm-125-250-300-350-450-500-exc-excf-tpi-2008-2011-full-grip-transparent\/#primaryimage"},"image":{"@id":"https:\/\/thefastgrip.com\/index.php\/produit\/protection-plaques-laterales-ktm-125-250-300-350-450-500-exc-excf-tpi-2008-2011-full-grip-transparent\/#primaryimage"},"thumbnailUrl":"https:\/\/thefastgrip.com\/wp-content\/uploads\/2024\/03\/fast-grip-ktm-125-250-300-350-450-500-exc-excf-tpi-2008-2009-2010-2011-protections-plaques-laterales-full-grip_Plan-de-travail-1.png","datePublished":"2024-03-25T15:19:59+00:00","dateModified":"2025-04-24T16:49:28+00:00","description":"Protection en grip pour plaques lat\u00e9rales enduro ktm 125 250 300 350 450 500 exc excf tpi 2008 2009 2010 2011 ces grips sont fait pour une meilleure accroche et une protection de votre moto","breadcrumb":{"@id":"https:\/\/thefastgrip.com\/index.php\/produit\/protection-plaques-laterales-ktm-125-250-300-350-450-500-exc-excf-tpi-2008-2011-full-grip-transparent\/#breadcrumb"},"inLanguage":"fr-FR","potentialAction":[{"@type":"ReadAction","target":["https:\/\/thefastgrip.com\/index.php\/produit\/protection-plaques-laterales-ktm-125-250-300-350-450-500-exc-excf-tpi-2008-2011-full-grip-transparent\/"]}]},{"@type":"ImageObject","inLanguage":"fr-FR","@id":"https:\/\/thefastgrip.com\/index.php\/produit\/protection-plaques-laterales-ktm-125-250-300-350-450-500-exc-excf-tpi-2008-2011-full-grip-transparent\/#primaryimage","url":"https:\/\/thefastgrip.com\/wp-content\/uploads\/2024\/03\/fast-grip-ktm-125-250-300-350-450-500-exc-excf-tpi-2008-2009-2010-2011-protections-plaques-laterales-full-grip_Plan-de-travail-1.png","contentUrl":"https:\/\/thefastgrip.com\/wp-content\/uploads\/2024\/03\/fast-grip-ktm-125-250-300-350-450-500-exc-excf-tpi-2008-2009-2010-2011-protections-plaques-laterales-full-grip_Plan-de-travail-1.png","width":2953,"height":2953,"caption":"fast grip ktm 125 250 300 350 450 500 exc excf tpi 2008 2009 2010 2011 protections plaques lat\u00e9rales full grip_Plan de travail 1"},{"@type":"BreadcrumbList","@id":"https:\/\/thefastgrip.com\/index.php\/produit\/protection-plaques-laterales-ktm-125-250-300-350-450-500-exc-excf-tpi-2008-2011-full-grip-transparent\/#breadcrumb","itemListElement":[{"@type":"ListItem","position":1,"name":"Accueil","item":"https:\/\/thefastgrip.com\/"},{"@type":"ListItem","position":2,"name":"CHOISIS TON ARTICLE","item":"https:\/\/thefastgrip.com\/index.php\/choisis-ton-article\/"},{"@type":"ListItem","position":3,"name":"Kit autocollant protection plaques lat\u00e9rales KTM 125 \/ 250 \/ 300 \/ 350 \/ 450 \/ 500 EXC \/ EXCF \/ TPI 2008 -> 2011 FULL GRIP Transparent"}]},{"@type":"WebSite","@id":"https:\/\/thefastgrip.com\/#website","url":"https:\/\/thefastgrip.com\/","name":"Fast Grip","description":"Grip de protection pour motocross enduro etc...","alternateName":"the fast grip","potentialAction":[{"@type":"SearchAction","target":{"@type":"EntryPoint","urlTemplate":"https:\/\/thefastgrip.com\/?s={search_term_string}"},"query-input":{"@type":"PropertyValueSpecification","valueRequired":true,"valueName":"search_term_string"}}],"inLanguage":"fr-FR"}]}},"jetpack_sharing_enabled":true,"_links":{"self":[{"href":"https:\/\/thefastgrip.com\/index.php\/wp-json\/wp\/v2\/product\/2024","targetHints":{"allow":["GET"]}}],"collection":[{"href":"https:\/\/thefastgrip.com\/index.php\/wp-json\/wp\/v2\/product"}],"about":[{"href":"https:\/\/thefastgrip.com\/index.php\/wp-json\/wp\/v2\/types\/product"}],"replies":[{"embeddable":true,"href":"https:\/\/thefastgrip.com\/index.php\/wp-json\/wp\/v2\/comments?post=2024"}],"wp:featuredmedia":[{"embeddable":true,"href":"https:\/\/thefastgrip.com\/index.php\/wp-json\/wp\/v2\/media\/2025"}],"wp:attachment":[{"href":"https:\/\/thefastgrip.com\/index.php\/wp-json\/wp\/v2\/media?parent=2024"}],"wp:term":[{"taxonomy":"product_brand","embeddable":true,"href":"https:\/\/thefastgrip.com\/index.php\/wp-json\/wp\/v2\/product_brand?post=2024"},{"taxonomy":"product_cat","embeddable":true,"href":"https:\/\/thefastgrip.com\/index.php\/wp-json\/wp\/v2\/product_cat?post=2024"},{"taxonomy":"product_tag","embeddable":true,"href":"https:\/\/thefastgrip.com\/index.php\/wp-json\/wp\/v2\/product_tag?post=2024"}],"curies":[{"name":"wp","href":"https:\/\/api.w.org\/{rel}","templated":true}]}}